{"id":270,"date":"2024-03-20T07:27:35","date_gmt":"2024-03-20T07:27:35","guid":{"rendered":"https:\/\/www.wickhome.de\/?page_id=270"},"modified":"2024-03-20T07:28:14","modified_gmt":"2024-03-20T07:28:14","slug":"datenschutz","status":"publish","type":"page","link":"https:\/\/www.wickhome.de\/index.php\/datenschutz\/","title":{"rendered":"Datenschutz"},"content":{"rendered":"\t\t<div data-elementor-type=\"wp-page\" data-elementor-id=\"270\" class=\"elementor elementor-270\">\n\t\t\t\t<div class=\"elementor-element elementor-element-dd07762 e-flex e-con-boxed e-con e-parent\" data-id=\"dd07762\" data-element_type=\"container\" data-e-type=\"container\">\n\t\t\t\t\t<div class=\"e-con-inner\">\n\t\t\t\t<div class=\"elementor-element elementor-element-2716be6 elementor-widget elementor-widget-text-editor\" data-id=\"2716be6\" data-element_type=\"widget\" data-e-type=\"widget\" data-widget_type=\"text-editor.default\">\n\t\t\t\t<div class=\"elementor-widget-container\">\n\t\t\t\t\t\t\t\t\t<p>Datenschutzerkl\u00e4rung<br>Vielen Dank f\u00fcr Ihr Interesse an unserem Online Shop. Der Schutz Ihrer pers\u00f6nlichen Daten liegt uns sehr am Herzen. An dieser Stelle m\u00f6chten wir Sie daher \u00fcber den Datenschutz in unserem Unternehmen informieren. Selbstverst\u00e4ndlich beachten wir die gesetzlichen Bestimmungen des Datenschutzgesetzes (BDSG) des Telemediengesetzes (TMG) und anderer datenschutzrechtlicher Bestimmungen.<\/p>\n<p>Bei Ihren pers\u00f6nlichen Daten k\u00f6nnen Sie uns vertrauen! Sie werden durch digitale Sicherheitssysteme verschl\u00fcsselt und an uns \u00fcbertragen. Unsere Webseiten sind durch technische Ma\u00dfnahmen gegen Besch\u00e4digungen, Zerst\u00f6rung oder unberechtigten Zugriff gesch\u00fctzt.<\/p>\n<p>Gegenstand des Datenschutzes<br>Gegenstand des Datenschutzes sind personenbezogene Daten. Diese sind nach \u00a7 3 Abs. 1 BDSG Einzelangaben \u00fcber pers\u00f6nlich oder sachliche Verh\u00e4ltnisse einer bestimmten oder bestimmbaren nat\u00fcrlichen Person. Hierunter fallen z. B. Angaben wie<\/p>\n<p>Name, wird verwendet, um eine Bestellung aufzugeben und das Paket zu liefern. Auch f\u00fcr die Kommunikation mit dem Kunden.<\/p>\n<p>Post-Adresse, Ihre Adresse wird nur zum Versenden der Bestellung verwendet.<\/p>\n<p>E-Mail-Adresse, wir senden Ihnen eine Rechnung und alle Informationen zu Bestellungen per E-Mail, sowie n\u00fctzliche Informationen zu unserem Gesch\u00e4ft.<\/p>\n<p>Telefonnummer, die Telefonnummer wird f\u00fcr die schnelle Kommunikation mit dem Kunden bei seiner Bestellung ben\u00f6tigt. Anrufe von uns sind nur w\u00e4hrend der Gesch\u00e4ftszeiten m\u00f6glich.<\/p>\n<p>aber auch Nutzungsdaten wie Ihre IP-Adresse, um b\u00f6swillige Hacken Versuche vollst\u00e4ndig zu blockieren und unsere Kunden zu sch\u00fctzen.<\/p>\n<p>Wir nutzen \u201cGoogle reCAPTCHA\u201d auf unserer Website<br>Wir verwenden \u201cGoogle reCaptcha\u201d auf unseren Webseiten, um zu pr\u00fcfen, ob Eingaben in Formulare tats\u00e4chlich durch einen Menschen oder durch ein automatisiertes Programm (i.d.R. dann Schadsoftware) erfolgen. Anbieter von \u201cGoogle reCaptcha\u201d ist Google Inc., 1600 Amphitheatre Parkway, Mountain View, CA 94043, USA<\/p>\n<p>Welche Rechte haben Sie?<br>In der europ\u00e4ischen Datenschutzgrundverordnung sind Ihre nachfolgenden Rechte verankert. Wir achten auf diese Rechte und sichern Sie diese schnellstm\u00f6glich auf Ihren Antrag hin, zu bearbeiten.<\/p>\n<p>Art. 15 Recht auf Auskunft<br>Art. 16 Berichtigung<br>Art. 17 L\u00f6schung, \u201eRecht auf Vergessenwerden\u201c<br>Art. 18 Recht auf Einschr\u00e4nkung der Verarbeitung<br>Art. 19 Mitteilungsrechte<br>Art. 20 Recht auf Daten\u00fcbertragbarkeit<br>Art. 21 Recht auf Widerspruch<br>Kann ich Auskunft \u00fcber meine gespeicherten Daten erhalten?<br>Sie k\u00f6nnen unentgeltlich Auskunft \u00fcber den Umfang, die Herkunft und den Empf\u00e4nger der gespeicherten Daten sowie den Zweck der Speicherung verlangen.<\/p>\n<p>Kann ich Daten \u00fcberichtigen lassen?<br>Sie k\u00f6nnen jederzeit verlangen, dass unrichtige Daten \u00fcberichtigt werden.<\/p>\n<p>Kann ich meine Daten l\u00f6schen lassen?<br>Sie k\u00f6nnen jederzeit die L\u00f6schung Ihrer Daten verlangen.<\/p>\n<p><\/p>\n<p>Dieses Recht wird nur eingeschr\u00e4nkt, wenn die<\/p>\n<p>Daten einer gesetzlichen Aufbewahrungsfrist, z. B. durch die Abgabenverordnung erfolgen.<br>Daten zur Erf\u00fcllung des Vertragszwecks unerl\u00e4sslich sind.<br>Data to erf\u00fcllung of a legal commit, the Responsliche under liegt, used werden.<br>Daten zur Geltendmachung, Aus\u00fcbung oder Verteidigung von Rechtsanspr\u00fcchen verarbeitet werden.<br>Weitere Informationen zum Thema Datenschutz bei der WICKFOOD<\/p>\n<p>Sie k\u00f6nnen sich an unseren Kundenservice wenden oder an den Datenschutzbeauftragten info@wickfood.de<\/p>\n<p>Hilfestellung, Fragen und Beschreibungen k\u00f6nnen Sie auch bei den Datenschutzaufsichtsbeh\u00f6rden bekommen.<\/p>\n<p>Die zust\u00e4ndige Aufsichtsbeh\u00f6rde ist:<\/p>\n<p>Landesbeauftragte f\u00fcr Datenschutz und Informationsfreiheit<\/p>\n<p>Baden W\u00fctenberg<br>77933 Lahr<br>Bottenbrunnenstr. 37<br>Tel .: 0049-0-7821-9827337<br>Fax: 0049-0-7821-9827336<br>E-Mail: info@fewo-37.de<\/p>\n<p>ALLGEMEINER DATENSCHUTZHINWEIS<br>(1) Wenn Sie auf den Internet-Auftritt der https:\/\/www.wickfood.de (WICKFOOD) aufrufen oder Daten von diesen Seiten herunterladen, werden hier\u00fcber Informationen von uns in einer Protokolldatei gespeichert und verarbeitet. Dieser Vorgang erfolgt anonymisiert. R\u00fcckschl\u00fcsse auf Ihre Person sind nicht m\u00f6glich.<br>(2) Gespeichert werden: Ihre IP-Adresse, das Datum und die Uhrzeit des Seitenaufrufs, die aufgerufene Seite bzw. der Name der abgerufenen Datei, die \u00fcbertragene Datenmenge und die Meldung, ob der Zugriff\/Abruf erfolgreich war.<br>(3) Diese Daten werden nicht zu kommerziellen Zwecken genutzt. Die Auswertung dient allein der statistischen Aufbereitung und Verbesserung unseres Internet-Angebots. Hierzu werden wir Nutzerprofile mittels eines Pseudonyms erstellen. Eine Verbindung zwischen der hinter dem Pseudonym stehenden Person mit den erhobenen Nutzungsdaten wird nicht hergestellt. Nach dieser Verwendung erfolgt die L\u00f6schung Ihrer Daten. Eine dauerhafte Speicherung ist ausgeschlossen. Sie k\u00f6nnen dieser Datenerhebung, -speicherung und \u2013verarbeitung jederzeit widersprechen.<br>(4) Ihre Daten werden ausschlie\u00dflich von uns verwendet. Eine Weitergabe an Dritte erfolgt nicht. (Ggf.: Die Verarbeitung zur Analyse des Nutzerverhaltens erfolgt in Ort, Staat, einem Staat au\u00dferhalb des Anwendungsbereiches der Richtlinie 95\/46\/EG durch die \u2026 (Bsp. Firma Google Analytics). Der Nutzung und Verarbeitung k\u00f6nnen Sie durch Benutzung des Deaktivierungs-Add-On (https:\/\/tools.google.com\/dlpage\/gaoptout?hl=de) widersprechen.<br>(5) Zur Datenerhebung und Speicherung setzen wir auch sogenannte Cookies ein. Cookies sind kleine Datenpakete, die Ihr Browser auf unsere Veranlassung in Ihrem Endger\u00e4t speichert. Dort richten sie keinen Schaden an. Sie enthalten keine Viren und erlauben uns nicht, Sie auszusp\u00e4hen. Verwendung finden dabei zwei Arten von Cookies. Tempor\u00e4re Cookies werden mit dem Schlie\u00dfen Ihres Browsers automatisch gel\u00f6scht (Session-Cookies). Dauerhafte Cookies haben demgegen\u00fcber eine maximale Lebensdauer von bis zu 90 Tage. Diese Art von Cookies erm\u00f6glicht es, dass sie beim Wiederaufruf nach Verlassen der Website wiedererkannt werden. Mithilfe der Cookies ist es uns m\u00f6glich, Ihr Nutzungsverhalten zu oben genannten Zwecken und in entsprechendem Umfang nachzuvollziehen. Sie sollen Ihnen au\u00dferdem ein optimiertes Surfen auf unserer Website erm\u00f6glichen. Auch diese Daten erheben wir nur in anonymisierte bzw. pseudonomisierter Form. Sie k\u00f6nnen Ihren Internetbrowser so einstellen, dass unsere Cookies nicht auf Ihrem Endger\u00e4t ablegt werden k\u00f6nnen oder bereits abgelegte Cookies gel\u00f6scht werden. Hierzu k\u00f6nnen Sie die Opt-out-Funktion folgender Programme nutzen:<\/p>\n<p>Google chrome \u2013 Addblock Plugin<br>OPERA Browser \u2013 Cookies aus.<br>UMFANG DER DATENERHEBUNG UND -SPEICHERUNG<br>Im Allgemeinen ist es f\u00fcr die Nutzung unserer Internetseite nicht erforderlich, dass Sie personenbezogene Daten angeben. Damit wir unsere Dienstleistungen aber tats\u00e4chlich erbringen k\u00f6nnen, ben\u00f6tigen wir ggf. Ihre personenbezogenen Daten. Dies gilt sowohl bei der Zusendung von Informationsmaterial oder bestellter Ware sowie auch f\u00fcr die Beantwortung individueller Anfragen.<br>Wenn Sie uns mit der Erbringung einer Dienstleistung oder der Zusendung von Ware beauftragen, erheben und speichern wir Ihre pers\u00f6nlichen Daten grunds\u00e4tzlich nur, soweit es f\u00fcr die Erbringung der Dienstleistung oder die Durchf\u00fchrung des Vertrages notwendig ist. Dazu kann es erforderlich sein, Ihre pers\u00f6nlichen Daten an Unternehmen weiterzugeben, die wir zur Erbringung der Dienstleistung oder zur Vertragsabwicklung einsetzen. Dies sind z. B. Transportunternehmen oder andere Service-Dienste. Falls wir eine der nachfolgend beschriebenen oder sonstigen Handlungen vornehmen oder Leistungen erbringen, m\u00f6chten wir Ihre personenbezogenen Daten erheben und speichern und werden Sie an der entsprechenden Stelle unserer Internetseite um Ihre ausdr\u00fcckliche Einwilligung ersuchen:<\/p>\n<p>Zusendung de Newsletters<br>Gewinnspielteilnahme<br>Bonit\u00e4ts- oder Alterspr\u00fcfung zur Erm\u00f6glichung unser Leistungen oder<\/p>\n<p>Zahlungsmethoden<br>Personalisierung unserer Webseite<\/p>\n<p>weitere Dienste und Angebote, f\u00fcr deren Datenerhebung Ihre ausdr\u00fcckliche Einwilligung erforderlich ist. oder andere Service-Dienste.<br>Nach vollst\u00e4ndiger Vertragsabwicklung werden Ihre Daten gesperrt und nach Ablauf der steuer- und handelsrechtlichen Vorschriften gel\u00f6scht, sofern Sie nicht ausdr\u00fccklich einer dar\u00fcber hinausgehende Datenverwendung zugestimmt haben.<br>Wenn Sie sich mit Ihrer E-Mail-Adresse f\u00fcr unseren Newsletter angemeldet haben, nutzen wir Ihre E-Mail-Adresse auch \u00fcber die Vertragsdurchf\u00fchrung hinaus f\u00fcr eigene Werbezwecke, bis Sie sich vom Newsletter-Bezug abmelden.<\/p>\n<p>DATEN-ERHEBUNG DURCH NUTZUNG VON GOOGLE-ANALYTICS<br>Unsere Webseite benutzt Google-Analytics, einen Webanalysedienst, der Google inc. Google-Analytics verwendet sogenannte \u201eCookies\u201c. Dabei handelt es sich um Textdateien, die auf Ihrem Computer gespeichert werden und die eine Analyse ihrer Benutzung der Website erm\u00f6glicht. Erfasst werden beispielsweise Informationen zum Betriebssystem, zum Browser, Ihrer IP-Adresse, die von Ihnen zuvor aufgerufene Webseite (Referrer-URL) und Datum und Uhrzeit Ihres Besuchs auf unserer Webseite. Die durch diese Textdatei erzeugten Informationen \u00fcber die Benutzung unserer Webseite werden an einen Server von Google in den USA \u00fcbertragen und dort gespeichert. Google wird diese Information benutzen, um Ihre Nutzung unserer Webseite auszuwerten, um Reports \u00fcber die Webseitenaktivit\u00e4t f\u00fcr die Webseitenbetreiber zusammen zu stellen und um weitere mit der Webseitennutzung und der Internetnutzung verbundenen Dienstleistungen zu erbringen. Sofern dies gesetzlich vorgeschrieben ist oder soweit Dritte diese Daten im Auftrag von Google verarbeiten, wird Google diese Information auch an diese Dritten weitergeben. Diese Nutzung erfolgt anonymisiert oder pseudonymisiert. N\u00e4here Informationen dar\u00fcber finden Sie direkt bei Google Link!<\/p>\n<p>Google benutzt das DoubleClick DART-Cookie<br>Nutzer k\u00f6nnen die Verwendung des DART-Cookies deaktivieren, indem sie die Datenschutzbestimmungen des Werbenetzwerks und Content-Werbenetzwerks von Google aufrufen.<br>Dabei werden keinerlei unmittelbare pers\u00f6nliche Daten des Nutzers gespeichert, sondern nur die Internetprotokoll\u2013Adresse. Diese Informationen dienen dazu, Sie bei Ihrem n\u00e4chsten Besuch auf unseren Websites automatisch wiederzuerkennen und Ihnen die Navigation zu erleichtern. Cookies erlauben es uns beispielsweise, eine Website Ihren Interessen anzupassen oder Ihr Kennwort zu speichern, damit Sie es nicht jedes Mal neu eingeben m\u00fcssen.<br>Selbstverst\u00e4ndlich k\u00f6nnen Sie unsere Websites auch ohne Cookies betrachten. Wenn Sie nicht m\u00f6chten, dass wir Ihren Computer wiedererkennen, k\u00f6nnen Sie das Speichern von Cookies auf Ihrer Festplatte verhindern, indem Sie in Ihren Browser-Einstellungen \u201ckeine Cookies akzeptieren\u201d w\u00e4hlen. Wie das im einzelnen funktioniert, entnehmen Sie bitte der Anleitung Ihres Browser-Herstellers. Wenn Sie keine Cookies akzeptieren, kann dieses aber zu Funktionseinschr\u00e4nkungen unserer Angebote f\u00fchren.<br>Sie k\u00f6nnen die Installation der Cookies durch eine entsprechende Einstellung Ihres Internetsbenutzungsprogramms (Browser) verhindern. Dazu m\u00fcssen Sie in Ihrem Internet-Browser die Speicherung von Cookies ausschalten. N\u00e4here Informationen hierzu \u00fcbernehmen Sie bitte den Benutzungshinweisen Ihres Internet-Browsers.<\/p>\n<p>RHEBUNG UND SPEICHERUNG VON NUTZUNGSDATEN<br>Zur Optimierung unserer Webseite sammeln und speichern wir Daten wie z. B. Datum und Uhrzeit des Seitenaufrufs, die Seite, von der Sie unsere Seite aufgerufen haben, und \u00e4hnliches. Dies erfolgt anonymisiert, ohne den Benutzer der Seite pers\u00f6nlich zu identifizieren. Ggf. werden Nutzerprofile mittels eines Pseudonyms erstellt. Auch hierbei erfolgt keine Verbindung zwischen der hinter dem Pseudonym stehenden nat\u00fcrlichen Personen mit den erhobenen Nutzungsdaten zur Erhebung und Speicherung der Nutzungsdaten setzen wir auch Cookies ein. Dabei handelt es sich um kleine Textdateien, die auf Ihrem Computer gespeichert werden und zur Speicherung von statistischen Information wie Betriebssystem, Ihrem Internetbenutzungsprogramm (Browser), IP-Adresse, der zuvor aufgerufene Webseite (Referrer-URL) und der Uhrzeit dienen. Diese Daten erheben wir ausschlie\u00dflich, zu statistischen Zwecken, um unseren Internetauftritt weiter zu optimieren und unsere Internetangebote noch attraktiver gestalten zu k\u00f6nnen. Die Erhebung und Speicherung erfolgt ausschlie\u00dflich in anonymisierter oder pseudonymisierter Form und l\u00e4sst keinen R\u00fcckschluss auf Sie als nat\u00fcrlich Person zu.<\/p>\n<p>ZWECKGEBUNDENE DATENVERWENDUNG<br>Wir beachten den Grundsatz der zweckgebundenen Daten-Verwendung und erheben, verarbeiten und speichern Ihre personenbezogenen Daten nur f\u00fcr die Zwecke, f\u00fcr die Sie sie uns mitgeteilt haben. Eine Weitergabe Ihrer pers\u00f6nlichen Daten an Dritte erfolgt ohne Ihre ausdr\u00fcckliche Einwilligung nicht, sofern dies nicht zur Erbringung der Dienstleistung oder zur Vertragsdurchf\u00fchrung notwendig ist. Auch die \u00dcbermittlung an auskunftsberechtigte staatliche Institution und Beh\u00f6rden erfolgt nur im Rahmen der gesetzlichen Auskunftspflichten oder wenn wir durch eine gerichtliche Entscheidung zur Auskunft verpflichtet werden.<br>Auch den unternehmensinternen Datenschutz nehmen wir sehr ernst. Unsere Mitarbeiter und die von uns beauftragten Dienstleistungsunternehmen sind von uns zur Verschwiegenheit und zur Einhaltung der datenschutzrechtlichen Bestimmungen verpflichtet worden.<\/p>\n<p>AUSKUNFT- UND WIDERRUFSRECHT<br>Sie erhalten jederzeit ohne Angabe von Gr\u00fcnden kostenfrei Auskunft \u00fcber Ihre bei uns gespeicherten Daten. Sie k\u00f6nnen jederzeit Ihre bei uns erhobenen Daten sperren, berichtigen oder l\u00f6schen lassen. Auch k\u00f6nnen Sie jederzeit die uns erteilte Einwilligung zur Datenerhebung und Verwendung ohne Angaben von Gr\u00fcnden widerrufen. Wenden Sie sich hierzu bitte an die im Impressum angegebene Kontaktadresse. Wir stehen Ihnen jederzeit gern f\u00fcr weitergehende Fragen zu unserem Hinweisen zum Datenschutz und zur Verarbeitung Ihrer pers\u00f6nlichen Daten zur Verf\u00fcgung.<br>Beachten sie, dass sich Datenschutzbestimmungen und Handhabungen zum Datenschutz, z. B. bei Google, laufend \u00e4ndern k\u00f6nnen. Es ist daher ratsam und erforderlich, sich \u00fcber Ver\u00e4nderungen der gesetzlichen Bestimmungen und der Praxis von Unternehmen, z. B. Google, laufend zu informieren.<br>Der Webseitenbetreiber der einen Link zu dieser Seite auf seiner Homepage einf\u00fcgt hat, ist sich Folgendem bewusst:<br>\u201eMir ist bewusst, dass die Textelemente jeder hier enthaltenen Datenschutzerkl\u00e4rung nur beispielhaften Charakter haben und keinen Anspruch auf Vollst\u00e4ndigkeit, Richtigkeit und Aktualit\u00e4t erheben sowie keine individuelle Rechtsberatung ersetzen k\u00f6nnen. Ein Rechtsberatungsverh\u00e4ltnis oder ein sonst irgendwie bindendes Rechtsverh\u00e4ltnis kommt durch die Nutzung dieser Seiten und Inhalte nicht zustande. Ich wei\u00df, dass ich die Inhalte der Datenschutzerkl\u00e4rung auch selbst dahingehend pr\u00fcfen mu\u00df, ob sie f\u00fcr meine Internetangebote oder -dienste zutreffend sind und keine Zusagen enthalten, die ich selbst nicht erf\u00fclle.\u201c<\/p>\n<p>Diese Datenschutzerkl\u00e4rung wird auf der Webseite datenschutzerklaerung gestellt. Urheber ist Rechtsanwalt Dr. Bernd v. Nieding<\/p>\t\t\t\t\t\t\t\t<\/div>\n\t\t\t\t<\/div>\n\t\t\t\t\t<\/div>\n\t\t\t\t<\/div>\n\t\t\t\t<\/div>\n\t\t","protected":false},"excerpt":{"rendered":"<p>Datenschutzerkl\u00e4rungVielen Dank f\u00fcr Ihr Interesse an unserem Online Shop. Der Schutz Ihrer pers\u00f6nlichen Daten liegt uns sehr am Herzen. An [&hellip;]<\/p>\n","protected":false},"author":1,"featured_media":0,"parent":0,"menu_order":0,"comment_status":"closed","ping_status":"closed","template":"","meta":{"site-sidebar-layout":"no-sidebar","site-content-layout":"","ast-site-content-layout":"full-width-container","site-content-style":"default","site-sidebar-style":"default","ast-global-header-display":"","ast-banner-title-visibility":"","ast-main-header-display":"","ast-hfb-above-header-display":"","ast-hfb-below-header-display":"","ast-hfb-mobile-header-display":"","site-post-title":"disabled","ast-breadcrumbs-content":"","ast-featured-img":"disabled","footer-sml-layout":"","ast-disable-related-posts":"","theme-transparent-header-meta":"","adv-header-id-meta":"","stick-header-meta":"","header-above-stick-meta":"","header-main-stick-meta":"","header-below-stick-meta":"","astra-migrate-meta-layouts":"default","ast-page-background-enabled":"default","ast-page-background-meta":{"desktop":{"background-color":"var(--ast-global-color-4)","background-image":"","background-repeat":"repeat","background-position":"center center","background-size":"auto","background-attachment":"scroll","background-type":"","background-media":"","overlay-type":"","overlay-color":"","overlay-opacity":"","overlay-gradient":""},"tablet":{"background-color":"","background-image":"","background-repeat":"repeat","background-position":"center center","background-size":"auto","background-attachment":"scroll","background-type":"","background-media":"","overlay-type":"","overlay-color":"","overlay-opacity":"","overlay-gradient":""},"mobile":{"background-color":"","background-image":"","background-repeat":"repeat","background-position":"center center","background-size":"auto","background-attachment":"scroll","background-type":"","background-media":"","overlay-type":"","overlay-color":"","overlay-opacity":"","overlay-gradient":""}},"ast-content-background-meta":{"desktop":{"background-color":"var(--ast-global-color-5)","background-image":"","background-repeat":"repeat","background-position":"center center","background-size":"auto","background-attachment":"scroll","background-type":"","background-media":"","overlay-type":"","overlay-color":"","overlay-opacity":"","overlay-gradient":""},"tablet":{"background-color":"var(--ast-global-color-5)","background-image":"","background-repeat":"repeat","background-position":"center center","background-size":"auto","background-attachment":"scroll","background-type":"","background-media":"","overlay-type":"","overlay-color":"","overlay-opacity":"","overlay-gradient":""},"mobile":{"background-color":"var(--ast-global-color-5)","background-image":"","background-repeat":"repeat","background-position":"center center","background-size":"auto","background-attachment":"scroll","background-type":"","background-media":"","overlay-type":"","overlay-color":"","overlay-opacity":"","overlay-gradient":""}},"footnotes":""},"class_list":["post-270","page","type-page","status-publish","hentry"],"_links":{"self":[{"href":"https:\/\/www.wickhome.de\/index.php\/wp-json\/wp\/v2\/pages\/270","targetHints":{"allow":["GET"]}}],"collection":[{"href":"https:\/\/www.wickhome.de\/index.php\/wp-json\/wp\/v2\/pages"}],"about":[{"href":"https:\/\/www.wickhome.de\/index.php\/wp-json\/wp\/v2\/types\/page"}],"author":[{"embeddable":true,"href":"https:\/\/www.wickhome.de\/index.php\/wp-json\/wp\/v2\/users\/1"}],"replies":[{"embeddable":true,"href":"https:\/\/www.wickhome.de\/index.php\/wp-json\/wp\/v2\/comments?post=270"}],"version-history":[{"count":4,"href":"https:\/\/www.wickhome.de\/index.php\/wp-json\/wp\/v2\/pages\/270\/revisions"}],"predecessor-version":[{"id":274,"href":"https:\/\/www.wickhome.de\/index.php\/wp-json\/wp\/v2\/pages\/270\/revisions\/274"}],"wp:attachment":[{"href":"https:\/\/www.wickhome.de\/index.php\/wp-json\/wp\/v2\/media?parent=270"}],"curies":[{"name":"wp","href":"https:\/\/api.w.org\/{rel}","templated":true}]}}